{"id":51,"date":"2023-10-24T08:49:01","date_gmt":"2023-10-24T06:49:01","guid":{"rendered":"https:\/\/dainnleifur3.sterbaya.fr\/index.php\/colibri-wp\/"},"modified":"2024-08-28T09:54:55","modified_gmt":"2024-08-28T07:54:55","slug":"colibri-wp","status":"publish","type":"page","link":"https:\/\/www.dainnleifur.fr\/","title":{"rendered":"Accueil"},"content":{"rendered":"\n<p class=\"has-large-font-size\"><strong>Bonjour et bienvenue sur le site de Dainnleifur.<\/strong><\/p>\n\n\n\n<p class=\"has-medium-font-size\">Dainnleifur est une association loi 1901 affili\u00e9e \u00e0 la&nbsp;<a href=\"https:\/\/www.federation-francaise-medievale.fr\/\" target=\"_blank\" rel=\"noreferrer noopener\">F\u00e9d\u00e9ration Fran\u00e7aise M\u00e9di\u00e9vale<\/a>&nbsp;dont le but est la reconstitution viking du IXi\u00e8me&nbsp;au XIi\u00e8me&nbsp;si\u00e8cle \u00e0 vis\u00e9e culturelle et sportive.<\/p>\n\n\n\n<p class=\"has-medium-font-size\">Les membres sont des guerriers viking, des artisans (couture, tissage, bois, cuir, m\u00e9tal&#8230;), des cuisiniers (de fa\u00e7on rustique et compatible avec l&rsquo;histoire).<\/p>\n\n\n\n<p class=\"has-medium-font-size\">L&rsquo;association propose des prestations de repr\u00e9sentations culturelles et sportives d&rsquo;ordre priv\u00e9es ou publiques, de figuration, d&rsquo;animation.<\/p>\n\n\n<div class=\"wp-block-image\">\n<figure class=\"aligncenter size-full\"><img loading=\"lazy\" decoding=\"async\" width=\"800\" height=\"600\" src=\"https:\/\/dainnleifur3.sterbaya.fr\/wp-content\/uploads\/2023\/10\/groupe2-2.png\" alt=\"\" class=\"wp-image-256\" srcset=\"https:\/\/www.dainnleifur.fr\/wp-content\/uploads\/2023\/10\/groupe2-2.png 800w, https:\/\/www.dainnleifur.fr\/wp-content\/uploads\/2023\/10\/groupe2-2-300x225.png 300w, https:\/\/www.dainnleifur.fr\/wp-content\/uploads\/2023\/10\/groupe2-2-768x576.png 768w, https:\/\/www.dainnleifur.fr\/wp-content\/uploads\/2023\/10\/groupe2-2-600x450.png 600w\" sizes=\"auto, (max-width: 800px) 100vw, 800px\" \/><\/figure>\n<\/div>\n\n\n<div class=\"wp-block-wpzoom-blocks-social-icons is-style-with-canvas-round\" style=\"--wpz-social-icons-block-item-font-size:18px;--wpz-social-icons-block-item-padding-horizontal:6px;--wpz-social-icons-block-item-padding-vertical:6px;--wpz-social-icons-block-item-margin-horizontal:5px;--wpz-social-icons-block-item-margin-vertical:5px;--wpz-social-icons-block-item-border-radius:50px;--wpz-social-icons-block-label-font-size:16px;--wpz-social-icons-block-label-color:#2e3131;--wpz-social-icons-block-label-color-hover:#2e3131;--wpz-social-icons-alignment:center\"><a href=\"https:\/\/www.facebook.com\/dainnleifur\" class=\"social-icon-link\" title=\"Facebook\" style=\"--wpz-social-icons-block-item-color:#1877F2;--wpz-social-icons-block-item-color-hover:#1877F2\"><span class=\"social-icon socicon socicon-facebook\"><\/span><\/a><a href=\"https:\/\/www.instagram.com\/dainnleifur\" class=\"social-icon-link\" title=\"Instagram\" style=\"--wpz-social-icons-block-item-color:#E4405F;--wpz-social-icons-block-item-color-hover:#E4405F\"><span class=\"social-icon socicon socicon-instagram\"><\/span><\/a><a href=\"https:\/\/www.tiktok.com\/@dainn_leifur\" class=\"social-icon-link\" title=\"Tiktok\" style=\"--wpz-social-icons-block-item-color:#69C9D0;--wpz-social-icons-block-item-color-hover:#69C9D0\"><span class=\"social-icon socicon socicon-tiktok\"><\/span><\/a><\/div>\n","protected":false},"excerpt":{"rendered":"<p>Bonjour et bienvenue sur le site de Dainnleifur. Dainnleifur est&hellip;<\/p>\n","protected":false},"author":1,"featured_media":0,"parent":0,"menu_order":0,"comment_status":"closed","ping_status":"closed","template":"","meta":{"footnotes":""},"class_list":["post-51","page","type-page","status-publish","hentry"],"_links":{"self":[{"href":"https:\/\/www.dainnleifur.fr\/index.php\/wp-json\/wp\/v2\/pages\/51","targetHints":{"allow":["GET"]}}],"collection":[{"href":"https:\/\/www.dainnleifur.fr\/index.php\/wp-json\/wp\/v2\/pages"}],"about":[{"href":"https:\/\/www.dainnleifur.fr\/index.php\/wp-json\/wp\/v2\/types\/page"}],"author":[{"embeddable":true,"href":"https:\/\/www.dainnleifur.fr\/index.php\/wp-json\/wp\/v2\/users\/1"}],"replies":[{"embeddable":true,"href":"https:\/\/www.dainnleifur.fr\/index.php\/wp-json\/wp\/v2\/comments?post=51"}],"version-history":[{"count":19,"href":"https:\/\/www.dainnleifur.fr\/index.php\/wp-json\/wp\/v2\/pages\/51\/revisions"}],"predecessor-version":[{"id":380,"href":"https:\/\/www.dainnleifur.fr\/index.php\/wp-json\/wp\/v2\/pages\/51\/revisions\/380"}],"wp:attachment":[{"href":"https:\/\/www.dainnleifur.fr\/index.php\/wp-json\/wp\/v2\/media?parent=51"}],"curies":[{"name":"wp","href":"https:\/\/api.w.org\/{rel}","templated":true}]}}