{"id":234,"date":"2023-10-24T12:59:42","date_gmt":"2023-10-24T10:59:42","guid":{"rendered":"https:\/\/dainnleifur3.sterbaya.fr\/?page_id=234"},"modified":"2024-08-28T09:54:55","modified_gmt":"2024-08-28T07:54:55","slug":"combat-masque","status":"publish","type":"page","link":"https:\/\/www.dainnleifur.fr\/index.php\/combat-masque\/","title":{"rendered":"Combat masque"},"content":{"rendered":"\n<p>Le style Huscarl est un style tr\u00e8s technique, tr\u00e8s proche de l&rsquo;AMHE (Escrime M\u00e9di\u00e9vale tir\u00e9 de manuscrits). Le style est aussi appuy\u00e9 que du Western mais est beaucoup plus dynamique (contr\u00f4le de l&rsquo;espace, attaque commen\u00e7ant hors de port\u00e9e, estoc&nbsp;au visage&#8230;).<\/p>\n\n\n\n<p>Le Huscarl&nbsp;se d\u00e9marque par la victoire en plusieurs touches, selon la gravit\u00e9 de l\u2019hypoth\u00e9tique&nbsp;blessure si les armes \u00e9taient coupantes), la zone cible \u00e9tant tout le corps (mains et pieds compris). Les affrontements vont du duel (2 personnes) \u00e0 des combats de ligne&nbsp;( 45 vs 45 \u00e0 la HERJA).<\/p>\n\n\n\n<p>Avec tout le corps pour cible et les estoc au visage, le Huscarl&nbsp;n\u00e9cessite un niveau d&rsquo;\u00e9quipement sup\u00e9rieur \u00e0 celui du Western style et diff\u00e9rent du Eastern style. Le plus important est d&rsquo;avoir un masque d&rsquo;escrime haute densit\u00e9 1600N afin d&rsquo;\u00e9viter toute perforation de la grille par l&rsquo;arme. Les armes \u00e0 deux mains telles que les lances et haches danoises sont recouvertes d&rsquo;un \u00e9tui en cuir&nbsp;lors des combats.<\/p>\n\n\n\n<p>En entra\u00eenement, le focus sera sur comment dynamiser les \u00e9changes sachant que, voulant se rapprocher de la r\u00e9alit\u00e9, les opposant commence hors de port\u00e9e, pr\u00e9voient puis d\u00e9clenche une attaque dynamique visant \u00e0 mettre l&rsquo;adversaire hors d&rsquo;\u00e9tat de nuire et avant que celui-ci ne puisse les toucher \/ blesser. Car ressortir \u00ab\u00a0vainqueur\u00a0\u00bb d&rsquo;un combat avec une coupure ou blessure important \u00e0 cette \u00e9poque n&rsquo;\u00e9tait pas signe de long\u00e9vit\u00e9.<\/p>\n","protected":false},"excerpt":{"rendered":"<p>Le style Huscarl est un style tr\u00e8s technique, tr\u00e8s proche&hellip;<\/p>\n","protected":false},"author":1,"featured_media":0,"parent":0,"menu_order":0,"comment_status":"closed","ping_status":"closed","template":"","meta":{"footnotes":""},"class_list":["post-234","page","type-page","status-publish","hentry"],"_links":{"self":[{"href":"https:\/\/www.dainnleifur.fr\/index.php\/wp-json\/wp\/v2\/pages\/234","targetHints":{"allow":["GET"]}}],"collection":[{"href":"https:\/\/www.dainnleifur.fr\/index.php\/wp-json\/wp\/v2\/pages"}],"about":[{"href":"https:\/\/www.dainnleifur.fr\/index.php\/wp-json\/wp\/v2\/types\/page"}],"author":[{"embeddable":true,"href":"https:\/\/www.dainnleifur.fr\/index.php\/wp-json\/wp\/v2\/users\/1"}],"replies":[{"embeddable":true,"href":"https:\/\/www.dainnleifur.fr\/index.php\/wp-json\/wp\/v2\/comments?post=234"}],"version-history":[{"count":1,"href":"https:\/\/www.dainnleifur.fr\/index.php\/wp-json\/wp\/v2\/pages\/234\/revisions"}],"predecessor-version":[{"id":235,"href":"https:\/\/www.dainnleifur.fr\/index.php\/wp-json\/wp\/v2\/pages\/234\/revisions\/235"}],"wp:attachment":[{"href":"https:\/\/www.dainnleifur.fr\/index.php\/wp-json\/wp\/v2\/media?parent=234"}],"curies":[{"name":"wp","href":"https:\/\/api.w.org\/{rel}","templated":true}]}}