{"id":232,"date":"2023-10-24T12:58:26","date_gmt":"2023-10-24T10:58:26","guid":{"rendered":"https:\/\/dainnleifur3.sterbaya.fr\/?page_id=232"},"modified":"2024-08-28T09:54:55","modified_gmt":"2024-08-28T07:54:55","slug":"combat-eastern","status":"publish","type":"page","link":"https:\/\/www.dainnleifur.fr\/index.php\/combat-eastern\/","title":{"rendered":"Combat Eastern"},"content":{"rendered":"\n<p>Venu des pays de l&rsquo;Est (Pologne, Russie) le combat viking Eastern style&nbsp;est plus appuy\u00e9 et lourd que le Western style.<\/p>\n\n\n\n<p>Le Eastern style se d\u00e9marque par la victoire en 1&nbsp;touche, la zone cible \u00e9tant le torse, les cuisses et la partie haute des bras et la t\u00eate (frappes descendantes uniquement). Les affrontements vont du duel (2 personnes) \u00e0 des combats de ligne cons\u00e9quents (300+ de chaque c\u00f4t\u00e9 ex:&nbsp;Wolin Viking Festival &#8211; Pologne).<\/p>\n\n\n\n<p>Souvent violent et spectaculaire, le Eastern style n\u00e9cessite un niveau d&rsquo;\u00e9quipement sup\u00e9rieur \u00e0 celui du Western style bien que seul un casque soit vraiment obligatoire (nous conseillons casque + gants, genouilli\u00e8res, coudi\u00e8res, gambison assez \u00e9pais et armure lamellaire \/ \u00e9caille ou maille si possible).<\/p>\n\n\n\n<p>En entra\u00eenement, le focus sera sur comment int\u00e9grer une nouvelle zone cible (la t\u00eate) dans un dynamique Western style, et l&rsquo;approche sera ax\u00e9e sur la technique plut\u00f4t que sur la force ou la violence, la recherche du contr\u00f4le de son arme et de son environnement \u00e9tant primordiale.&nbsp;<\/p>\n","protected":false},"excerpt":{"rendered":"<p>Venu des pays de l&rsquo;Est (Pologne, Russie) le combat viking&hellip;<\/p>\n","protected":false},"author":1,"featured_media":0,"parent":0,"menu_order":0,"comment_status":"closed","ping_status":"closed","template":"","meta":{"footnotes":""},"class_list":["post-232","page","type-page","status-publish","hentry"],"_links":{"self":[{"href":"https:\/\/www.dainnleifur.fr\/index.php\/wp-json\/wp\/v2\/pages\/232","targetHints":{"allow":["GET"]}}],"collection":[{"href":"https:\/\/www.dainnleifur.fr\/index.php\/wp-json\/wp\/v2\/pages"}],"about":[{"href":"https:\/\/www.dainnleifur.fr\/index.php\/wp-json\/wp\/v2\/types\/page"}],"author":[{"embeddable":true,"href":"https:\/\/www.dainnleifur.fr\/index.php\/wp-json\/wp\/v2\/users\/1"}],"replies":[{"embeddable":true,"href":"https:\/\/www.dainnleifur.fr\/index.php\/wp-json\/wp\/v2\/comments?post=232"}],"version-history":[{"count":2,"href":"https:\/\/www.dainnleifur.fr\/index.php\/wp-json\/wp\/v2\/pages\/232\/revisions"}],"predecessor-version":[{"id":367,"href":"https:\/\/www.dainnleifur.fr\/index.php\/wp-json\/wp\/v2\/pages\/232\/revisions\/367"}],"wp:attachment":[{"href":"https:\/\/www.dainnleifur.fr\/index.php\/wp-json\/wp\/v2\/media?parent=232"}],"curies":[{"name":"wp","href":"https:\/\/api.w.org\/{rel}","templated":true}]}}