{"id":219,"date":"2023-10-24T12:53:00","date_gmt":"2023-10-24T10:53:00","guid":{"rendered":"https:\/\/dainnleifur3.sterbaya.fr\/?page_id=219"},"modified":"2024-08-28T09:54:55","modified_gmt":"2024-08-28T07:54:55","slug":"combat","status":"publish","type":"page","link":"https:\/\/www.dainnleifur.fr\/index.php\/combat\/","title":{"rendered":"Combat"},"content":{"rendered":"\n<p>Nous vous invitons \u00e0 plonger dans l&rsquo;excitation des affrontements \u00e9piques de l&rsquo;\u00e8re viking, o\u00f9 l&rsquo;acier rencontre l&rsquo;acier et o\u00f9 la bravoure et la strat\u00e9gie sont mises \u00e0 l&rsquo;\u00e9preuve. Au sein de notre association, les combats vikings ne sont pas seulement des spectacles visuels impressionnants, mais \u00e9galement une immersion compl\u00e8te dans l&rsquo;art martial de cette \u00e9poque l\u00e9gendaire.<\/p>\n\n\n\n<p>Nos membres d\u00e9vou\u00e9s pratiquent des techniques de combat bas\u00e9es sur des recherches historiques approfondies, recr\u00e9ant avec pr\u00e9cision les mouvements, les formations et les tactiques utilis\u00e9s par les guerriers vikings. Des affrontements \u00e0 mains nues aux batailles \u00e9piques avec des armes telles que les \u00e9p\u00e9es, haches et boucliers, chaque d\u00e9tail est soigneusement \u00e9tudi\u00e9 pour offrir une exp\u00e9rience authentique.<\/p>\n\n\n\n<p>Le combat viking comporte plusieurs styles (Western \/ Eastern \/ Mask Fight \/ Full Target), d\u00e9taill\u00e9s sur leurs pages sp\u00e9cifiques :<\/p>\n\n\n\n<ul class=\"wp-block-list\">\n<li><a href=\"\/index.php\/combat-western\/\" data-type=\"link\" data-id=\"\/index.php\/combat-western\/\">Western<\/a><\/li>\n\n\n\n<li><a href=\"\/index.php\/combat-eastern\/\" data-type=\"page\" data-id=\"232\">Eastern<\/a><\/li>\n\n\n\n<li><a href=\"\/index.php\/combat-masque\/\" data-type=\"link\" data-id=\"\/index.php\/combat-masque\/\">Mask Fight<\/a><\/li>\n\n\n\n<li><a href=\"\/index.php\/combat-full-target\/\" data-type=\"page\" data-id=\"236\">Full Target<\/a><\/li>\n<\/ul>\n\n\n\n<p>Le hall d&rsquo;entra\u00eenement Dainnleifur formera ceux voulant s&rsquo;initier au combat viking au Western d&rsquo;abord, puis Eastern \/ Full Target et occasionnellement Huscarl.<\/p>\n\n\n\n<figure class=\"wp-block-image size-large\"><img loading=\"lazy\" decoding=\"async\" width=\"1024\" height=\"743\" src=\"https:\/\/dainnleifur3.sterbaya.fr\/wp-content\/uploads\/2023\/10\/combat-1024x743.jpg\" alt=\"\" class=\"wp-image-220\" srcset=\"https:\/\/www.dainnleifur.fr\/wp-content\/uploads\/2023\/10\/combat-1024x743.jpg 1024w, https:\/\/www.dainnleifur.fr\/wp-content\/uploads\/2023\/10\/combat-300x218.jpg 300w, https:\/\/www.dainnleifur.fr\/wp-content\/uploads\/2023\/10\/combat-768x557.jpg 768w, https:\/\/www.dainnleifur.fr\/wp-content\/uploads\/2023\/10\/combat-600x435.jpg 600w, https:\/\/www.dainnleifur.fr\/wp-content\/uploads\/2023\/10\/combat-1200x870.jpg 1200w, https:\/\/www.dainnleifur.fr\/wp-content\/uploads\/2023\/10\/combat.jpg 1267w\" sizes=\"auto, (max-width: 1024px) 100vw, 1024px\" \/><\/figure>\n","protected":false},"excerpt":{"rendered":"<p>Nous vous invitons \u00e0 plonger dans l&rsquo;excitation des affrontements \u00e9piques&hellip;<\/p>\n","protected":false},"author":1,"featured_media":0,"parent":0,"menu_order":0,"comment_status":"closed","ping_status":"closed","template":"","meta":{"footnotes":""},"class_list":["post-219","page","type-page","status-publish","hentry"],"_links":{"self":[{"href":"https:\/\/www.dainnleifur.fr\/index.php\/wp-json\/wp\/v2\/pages\/219","targetHints":{"allow":["GET"]}}],"collection":[{"href":"https:\/\/www.dainnleifur.fr\/index.php\/wp-json\/wp\/v2\/pages"}],"about":[{"href":"https:\/\/www.dainnleifur.fr\/index.php\/wp-json\/wp\/v2\/types\/page"}],"author":[{"embeddable":true,"href":"https:\/\/www.dainnleifur.fr\/index.php\/wp-json\/wp\/v2\/users\/1"}],"replies":[{"embeddable":true,"href":"https:\/\/www.dainnleifur.fr\/index.php\/wp-json\/wp\/v2\/comments?post=219"}],"version-history":[{"count":5,"href":"https:\/\/www.dainnleifur.fr\/index.php\/wp-json\/wp\/v2\/pages\/219\/revisions"}],"predecessor-version":[{"id":377,"href":"https:\/\/www.dainnleifur.fr\/index.php\/wp-json\/wp\/v2\/pages\/219\/revisions\/377"}],"wp:attachment":[{"href":"https:\/\/www.dainnleifur.fr\/index.php\/wp-json\/wp\/v2\/media?parent=219"}],"curies":[{"name":"wp","href":"https:\/\/api.w.org\/{rel}","templated":true}]}}