{"id":213,"date":"2023-10-24T12:51:01","date_gmt":"2023-10-24T10:51:01","guid":{"rendered":"https:\/\/dainnleifur3.sterbaya.fr\/?page_id=213"},"modified":"2024-08-28T09:54:55","modified_gmt":"2024-08-28T07:54:55","slug":"activites","status":"publish","type":"page","link":"https:\/\/www.dainnleifur.fr\/index.php\/activites\/","title":{"rendered":"Activit\u00e9s"},"content":{"rendered":"\n<p>A cette p\u00e9riode, ce ne sont pas les activit\u00e9s&nbsp;qui manquent!<\/p>\n\n\n\n<p>Que vous soyez fan de\u00a0<a href=\"\/index.php\/combat\/\">combat<\/a>, d&rsquo;histoire et de contes, aimer jouer de la musique,\u00a0avez des comp\u00e9tences d&rsquo;<a href=\"\/index.php\/artisanat\/\">artisan<\/a>\u00a0bois, m\u00e9tal ou\u00a0cuir, que la couture \u00e0 la machine et \u00e0 la main vous passionne, que vous passez vos apr\u00e8s-midi \u00e0 faire du crochet, ou que vous aimer cuisiner de fa\u00e7on rustique il y en a pour tout le monde, des enfants aux plus \u00e2g\u00e9s.<\/p>\n\n\n\n<p>En tant qu&rsquo;association, voici les types d&rsquo;activit\u00e9s que nous serons amen\u00e9s \u00e0 effectuer:<\/p>\n\n\n\n<ul class=\"wp-block-list\">\n<li>Les prestations de repr\u00e9sentations culturelles ou sportives d&rsquo;ordre priv\u00e9es ou publiques<\/li>\n\n\n\n<li>Les prestations de figuration dans les films, publicit\u00e9s ou documentaires<\/li>\n\n\n\n<li>Les prestations d&rsquo;animations lors d\u2019\u00e9v\u00e9nements&nbsp;publics ou concerts<\/li>\n\n\n\n<li>La vente de l&rsquo;artisanat produit par les membres ou adh\u00e9rents<\/li>\n<\/ul>\n\n\n\n<p>L&rsquo;association est amen\u00e9e \u00e0 monter des camps lors de manifestations vari\u00e9es allant du rassemblement viking en France et en Europe \u00e0 la prestation d&rsquo;animations.<\/p>\n\n\n\n<figure class=\"wp-block-image size-large\"><img loading=\"lazy\" decoding=\"async\" width=\"1024\" height=\"749\" src=\"https:\/\/dainnleifur3.sterbaya.fr\/wp-content\/uploads\/2023\/10\/camp-1024x749.jpg\" alt=\"\" class=\"wp-image-214\" srcset=\"https:\/\/www.dainnleifur.fr\/wp-content\/uploads\/2023\/10\/camp-1024x749.jpg 1024w, https:\/\/www.dainnleifur.fr\/wp-content\/uploads\/2023\/10\/camp-300x219.jpg 300w, https:\/\/www.dainnleifur.fr\/wp-content\/uploads\/2023\/10\/camp-768x562.jpg 768w, https:\/\/www.dainnleifur.fr\/wp-content\/uploads\/2023\/10\/camp-600x439.jpg 600w, https:\/\/www.dainnleifur.fr\/wp-content\/uploads\/2023\/10\/camp-1200x878.jpg 1200w, https:\/\/www.dainnleifur.fr\/wp-content\/uploads\/2023\/10\/camp.jpg 1274w\" sizes=\"auto, (max-width: 1024px) 100vw, 1024px\" \/><\/figure>\n","protected":false},"excerpt":{"rendered":"<p>A cette p\u00e9riode, ce ne sont pas les activit\u00e9s&nbsp;qui manquent!&hellip;<\/p>\n","protected":false},"author":1,"featured_media":0,"parent":0,"menu_order":0,"comment_status":"closed","ping_status":"closed","template":"","meta":{"footnotes":""},"class_list":["post-213","page","type-page","status-publish","hentry"],"_links":{"self":[{"href":"https:\/\/www.dainnleifur.fr\/index.php\/wp-json\/wp\/v2\/pages\/213","targetHints":{"allow":["GET"]}}],"collection":[{"href":"https:\/\/www.dainnleifur.fr\/index.php\/wp-json\/wp\/v2\/pages"}],"about":[{"href":"https:\/\/www.dainnleifur.fr\/index.php\/wp-json\/wp\/v2\/types\/page"}],"author":[{"embeddable":true,"href":"https:\/\/www.dainnleifur.fr\/index.php\/wp-json\/wp\/v2\/users\/1"}],"replies":[{"embeddable":true,"href":"https:\/\/www.dainnleifur.fr\/index.php\/wp-json\/wp\/v2\/comments?post=213"}],"version-history":[{"count":17,"href":"https:\/\/www.dainnleifur.fr\/index.php\/wp-json\/wp\/v2\/pages\/213\/revisions"}],"predecessor-version":[{"id":374,"href":"https:\/\/www.dainnleifur.fr\/index.php\/wp-json\/wp\/v2\/pages\/213\/revisions\/374"}],"wp:attachment":[{"href":"https:\/\/www.dainnleifur.fr\/index.php\/wp-json\/wp\/v2\/media?parent=213"}],"curies":[{"name":"wp","href":"https:\/\/api.w.org\/{rel}","templated":true}]}}